{"id":221,"date":"2017-01-20T01:26:46","date_gmt":"2017-01-20T00:26:46","guid":{"rendered":"http:\/\/www.presenceexperts.com\/?page_id=221"},"modified":"2017-01-20T01:34:01","modified_gmt":"2017-01-20T00:34:01","slug":"mentions-legales","status":"publish","type":"page","link":"https:\/\/demos.sancarlos.eu\/presenceexperts\/mentions-legales\/","title":{"rendered":"Mentions l\u00e9gales"},"content":{"rendered":"<p>[et_pb_section admin_label=\u00a0\u00bbsection\u00a0\u00bb transparent_background=\u00a0\u00bboff\u00a0\u00bb allow_player_pause=\u00a0\u00bboff\u00a0\u00bb inner_shadow=\u00a0\u00bboff\u00a0\u00bb parallax=\u00a0\u00bboff\u00a0\u00bb parallax_method=\u00a0\u00bboff\u00a0\u00bb custom_padding=\u00a0\u00bb0px|||\u00a0\u00bb make_fullwidth=\u00a0\u00bboff\u00a0\u00bb use_custom_width=\u00a0\u00bboff\u00a0\u00bb width_unit=\u00a0\u00bbon\u00a0\u00bb make_equal=\u00a0\u00bboff\u00a0\u00bb use_custom_gutter=\u00a0\u00bboff\u00a0\u00bb][et_pb_row admin_label=\u00a0\u00bbrow\u00a0\u00bb][et_pb_column type=\u00a0\u00bb4_4&Prime;][et_pb_text admin_label=\u00a0\u00bbTexte\u00a0\u00bb background_layout=\u00a0\u00bblight\u00a0\u00bb text_orientation=\u00a0\u00bbleft\u00a0\u00bb use_border_color=\u00a0\u00bboff\u00a0\u00bb border_color=\u00a0\u00bb#ffffff\u00a0\u00bb border_style=\u00a0\u00bbsolid\u00a0\u00bb]<\/p>\n<div class=\"entry-content\">\n<div class=\"entry-content\">\n<h2>Mentions L\u00e9gales<\/h2>\n<\/div>\n<\/div>\n<p>[\/et_pb_text][et_pb_text admin_label=\u00a0\u00bbTexte\u00a0\u00bb background_layout=\u00a0\u00bblight\u00a0\u00bb text_orientation=\u00a0\u00bbleft\u00a0\u00bb use_border_color=\u00a0\u00bboff\u00a0\u00bb border_color=\u00a0\u00bb#ffffff\u00a0\u00bb border_style=\u00a0\u00bbsolid\u00a0\u00bb]<\/p>\n<div class=\"entry-content\">\n<div class=\"entry-content\">Le site <a title=\"Auberge de Pont d'Antis\" href=\"https:\/\/demos.sancarlos.eu\/presenceexperts\/accueil\/\">www.presenceexperts.com<\/a> appartient \u00e0 la SASU PRESENCE EXPERTS.<br \/>\n732, Route de Valbonne 06330 ROQUEFORT LES PINS<br \/>\nImmatricul\u00e9e au RCS de GRASSE sous le num\u00e9ro &#8230;&#8230;&#8230;&#8230;&#8230;&#8230;&#8230;&#8230;&#8230;<br \/>\nn\u00b0 SIRET : 480 950 310 000 15<br \/>\nT\u00e9l\u00e9phone : 04 93 77 04 05<br \/>\nCourriel : <a href=\"mailto:contact@presenceexperts.com\">contact@presenceexperts.com<\/a><br \/>\nResponsable de la publication : <strong>Madame Elisabeth ERKER.<br \/>\n<\/strong>H\u00e9bergement : Ce site est h\u00e9berg\u00e9 sur les serveurs de la soci\u00e9t\u00e9 <a title=\"DSC CONSEIL : Agence de cr\u00e9ation de sites Internet et boutiques en ligne.\" href=\"http:\/\/www.dscconseil.fr\" target=\"_blank\">DSC CONSEIL<\/a>, dans les datacenters de la soci\u00e9t\u00e9 <a title=\"Online\" href=\"https:\/\/www.online.net\/fr\" target=\"_blank\">Online<\/a>.<br \/>\nConcept et production : Ce site internet a \u00e9t\u00e9 r\u00e9alis\u00e9 par la soci\u00e9t\u00e9 <a title=\"DSC CONSEIL : Agence de cr\u00e9ation de sites Internet et boutiques en ligne.\" href=\"http:\/\/www.dscconseil.fr\" target=\"_blank\">DSC CONSEIL<\/a> en utilisant la solution open-source <a title=\"WordPress\" href=\"https:\/\/fr.wordpress.fr\/\" target=\"_blank\">WordPress<\/a>.<\/div>\n<\/div>\n<p>[\/et_pb_text][\/et_pb_column][\/et_pb_row][\/et_pb_section]<\/p>\n","protected":false},"excerpt":{"rendered":"<p>Mentions L\u00e9gales Le site www.presenceexperts.com appartient \u00e0 la SASU PRESENCE EXPERTS. 732, Route de Valbonne 06330 ROQUEFORT LES PINS Immatricul\u00e9e au RCS de GRASSE sous le num\u00e9ro &#8230;&#8230;&#8230;&#8230;&#8230;&#8230;&#8230;&#8230;&#8230; n\u00b0 SIRET : 480 950 310 000 15 T\u00e9l\u00e9phone : 04 93 77 04 05 Courriel : contact@presenceexperts.com Responsable de la publication : Madame Elisabeth ERKER. H\u00e9bergement [&hellip;]<\/p>\n","protected":false},"author":14,"featured_media":0,"parent":0,"menu_order":0,"comment_status":"closed","ping_status":"closed","template":"","meta":{"_et_pb_use_builder":"on","_et_pb_old_content":"","_et_gb_content_width":"","_exactmetrics_skip_tracking":false,"_exactmetrics_sitenote_active":false,"_exactmetrics_sitenote_note":"","_exactmetrics_sitenote_category":0,"footnotes":""},"class_list":["post-221","page","type-page","status-publish","hentry"],"yoast_head":"<!-- This site is optimized with the Yoast SEO plugin v27.4 - https:\/\/yoast.com\/product\/yoast-seo-wordpress\/ -->\n<title>Mentions l\u00e9gales - Presence Experts<\/title>\n<meta name=\"robots\" content=\"noindex, follow, max-snippet:-1, max-image-preview:large, max-video-preview:-1\" \/>\n<meta property=\"og:locale\" content=\"fr_FR\" \/>\n<meta property=\"og:type\" content=\"article\" \/>\n<meta property=\"og:title\" content=\"Mentions l\u00e9gales - Presence Experts\" \/>\n<meta property=\"og:description\" content=\"Mentions L\u00e9gales Le site www.presenceexperts.com appartient \u00e0 la SASU PRESENCE EXPERTS. 732, Route de Valbonne 06330 ROQUEFORT LES PINS Immatricul\u00e9e au RCS de GRASSE sous le num\u00e9ro ........................... n\u00b0 SIRET : 480 950 310 000 15 T\u00e9l\u00e9phone : 04 93 77 04 05 Courriel : contact@presenceexperts.com Responsable de la publication : Madame Elisabeth ERKER. H\u00e9bergement [&hellip;]\" \/>\n<meta property=\"og:url\" content=\"https:\/\/demos.sancarlos.eu\/presenceexperts\/mentions-legales\/\" \/>\n<meta property=\"og:site_name\" content=\"Presence Experts\" \/>\n<meta property=\"article:modified_time\" content=\"2017-01-20T00:34:01+00:00\" \/>\n<meta name=\"twitter:card\" content=\"summary_large_image\" \/>\n<meta name=\"twitter:label1\" content=\"Dur\u00e9e de lecture estim\u00e9e\" \/>\n\t<meta name=\"twitter:data1\" content=\"1 minute\" \/>\n<script type=\"application\/ld+json\" class=\"yoast-schema-graph\">{\"@context\":\"https:\\\/\\\/schema.org\",\"@graph\":[{\"@type\":\"WebPage\",\"@id\":\"https:\\\/\\\/demos.sancarlos.eu\\\/presenceexperts\\\/mentions-legales\\\/\",\"url\":\"https:\\\/\\\/demos.sancarlos.eu\\\/presenceexperts\\\/mentions-legales\\\/\",\"name\":\"Mentions l\u00e9gales - Presence Experts\",\"isPartOf\":{\"@id\":\"https:\\\/\\\/demos.sancarlos.eu\\\/presenceexperts\\\/#website\"},\"datePublished\":\"2017-01-20T00:26:46+00:00\",\"dateModified\":\"2017-01-20T00:34:01+00:00\",\"breadcrumb\":{\"@id\":\"https:\\\/\\\/demos.sancarlos.eu\\\/presenceexperts\\\/mentions-legales\\\/#breadcrumb\"},\"inLanguage\":\"fr-FR\",\"potentialAction\":[{\"@type\":\"ReadAction\",\"target\":[\"https:\\\/\\\/demos.sancarlos.eu\\\/presenceexperts\\\/mentions-legales\\\/\"]}]},{\"@type\":\"BreadcrumbList\",\"@id\":\"https:\\\/\\\/demos.sancarlos.eu\\\/presenceexperts\\\/mentions-legales\\\/#breadcrumb\",\"itemListElement\":[{\"@type\":\"ListItem\",\"position\":1,\"name\":\"Accueil\",\"item\":\"https:\\\/\\\/demos.sancarlos.eu\\\/presenceexperts\\\/accueil\\\/\"},{\"@type\":\"ListItem\",\"position\":2,\"name\":\"Mentions l\u00e9gales\"}]},{\"@type\":\"WebSite\",\"@id\":\"https:\\\/\\\/demos.sancarlos.eu\\\/presenceexperts\\\/#website\",\"url\":\"https:\\\/\\\/demos.sancarlos.eu\\\/presenceexperts\\\/\",\"name\":\"Presence Experts\",\"description\":\"\",\"potentialAction\":[{\"@type\":\"SearchAction\",\"target\":{\"@type\":\"EntryPoint\",\"urlTemplate\":\"https:\\\/\\\/demos.sancarlos.eu\\\/presenceexperts\\\/?s={search_term_string}\"},\"query-input\":{\"@type\":\"PropertyValueSpecification\",\"valueRequired\":true,\"valueName\":\"search_term_string\"}}],\"inLanguage\":\"fr-FR\"}]}<\/script>\n<!-- \/ Yoast SEO plugin. -->","yoast_head_json":{"title":"Mentions l\u00e9gales - Presence Experts","robots":{"index":"noindex","follow":"follow","max-snippet":"max-snippet:-1","max-image-preview":"max-image-preview:large","max-video-preview":"max-video-preview:-1"},"og_locale":"fr_FR","og_type":"article","og_title":"Mentions l\u00e9gales - Presence Experts","og_description":"Mentions L\u00e9gales Le site www.presenceexperts.com appartient \u00e0 la SASU PRESENCE EXPERTS. 732, Route de Valbonne 06330 ROQUEFORT LES PINS Immatricul\u00e9e au RCS de GRASSE sous le num\u00e9ro ........................... n\u00b0 SIRET : 480 950 310 000 15 T\u00e9l\u00e9phone : 04 93 77 04 05 Courriel : contact@presenceexperts.com Responsable de la publication : Madame Elisabeth ERKER. H\u00e9bergement [&hellip;]","og_url":"https:\/\/demos.sancarlos.eu\/presenceexperts\/mentions-legales\/","og_site_name":"Presence Experts","article_modified_time":"2017-01-20T00:34:01+00:00","twitter_card":"summary_large_image","twitter_misc":{"Dur\u00e9e de lecture estim\u00e9e":"1 minute"},"schema":{"@context":"https:\/\/schema.org","@graph":[{"@type":"WebPage","@id":"https:\/\/demos.sancarlos.eu\/presenceexperts\/mentions-legales\/","url":"https:\/\/demos.sancarlos.eu\/presenceexperts\/mentions-legales\/","name":"Mentions l\u00e9gales - Presence Experts","isPartOf":{"@id":"https:\/\/demos.sancarlos.eu\/presenceexperts\/#website"},"datePublished":"2017-01-20T00:26:46+00:00","dateModified":"2017-01-20T00:34:01+00:00","breadcrumb":{"@id":"https:\/\/demos.sancarlos.eu\/presenceexperts\/mentions-legales\/#breadcrumb"},"inLanguage":"fr-FR","potentialAction":[{"@type":"ReadAction","target":["https:\/\/demos.sancarlos.eu\/presenceexperts\/mentions-legales\/"]}]},{"@type":"BreadcrumbList","@id":"https:\/\/demos.sancarlos.eu\/presenceexperts\/mentions-legales\/#breadcrumb","itemListElement":[{"@type":"ListItem","position":1,"name":"Accueil","item":"https:\/\/demos.sancarlos.eu\/presenceexperts\/accueil\/"},{"@type":"ListItem","position":2,"name":"Mentions l\u00e9gales"}]},{"@type":"WebSite","@id":"https:\/\/demos.sancarlos.eu\/presenceexperts\/#website","url":"https:\/\/demos.sancarlos.eu\/presenceexperts\/","name":"Presence Experts","description":"","potentialAction":[{"@type":"SearchAction","target":{"@type":"EntryPoint","urlTemplate":"https:\/\/demos.sancarlos.eu\/presenceexperts\/?s={search_term_string}"},"query-input":{"@type":"PropertyValueSpecification","valueRequired":true,"valueName":"search_term_string"}}],"inLanguage":"fr-FR"}]}},"_links":{"self":[{"href":"https:\/\/demos.sancarlos.eu\/presenceexperts\/wp-json\/wp\/v2\/pages\/221","targetHints":{"allow":["GET"]}}],"collection":[{"href":"https:\/\/demos.sancarlos.eu\/presenceexperts\/wp-json\/wp\/v2\/pages"}],"about":[{"href":"https:\/\/demos.sancarlos.eu\/presenceexperts\/wp-json\/wp\/v2\/types\/page"}],"author":[{"embeddable":true,"href":"https:\/\/demos.sancarlos.eu\/presenceexperts\/wp-json\/wp\/v2\/users\/14"}],"replies":[{"embeddable":true,"href":"https:\/\/demos.sancarlos.eu\/presenceexperts\/wp-json\/wp\/v2\/comments?post=221"}],"version-history":[{"count":5,"href":"https:\/\/demos.sancarlos.eu\/presenceexperts\/wp-json\/wp\/v2\/pages\/221\/revisions"}],"predecessor-version":[{"id":226,"href":"https:\/\/demos.sancarlos.eu\/presenceexperts\/wp-json\/wp\/v2\/pages\/221\/revisions\/226"}],"wp:attachment":[{"href":"https:\/\/demos.sancarlos.eu\/presenceexperts\/wp-json\/wp\/v2\/media?parent=221"}],"curies":[{"name":"wp","href":"https:\/\/api.w.org\/{rel}","templated":true}]}}